{"id":6,"date":"2012-08-29T15:05:09","date_gmt":"2012-08-29T15:05:09","guid":{"rendered":"http:\/\/www.cottage.ch\/deutsche\/?page_id=6"},"modified":"2024-07-08T16:57:50","modified_gmt":"2024-07-08T16:57:50","slug":"cottage","status":"publish","type":"page","link":"https:\/\/www.cottage.ch\/deutsche\/?page_id=6","title":{"rendered":"Cottage"},"content":{"rendered":"<h5><a href=\"http:\/\/www.cottage.ch\/deutsche\/wp-content\/uploads\/2012\/08\/P5110708-Large.jpg\"><img decoding=\"async\" loading=\"lazy\" class=\"size-medium wp-image-119 alignnone\" title=\"K\u00fcche\" src=\"http:\/\/www.cottage.ch\/deutsche\/wp-content\/uploads\/2012\/08\/P5110708-Large-300x225.jpg\" alt=\"\" width=\"300\" height=\"225\" srcset=\"https:\/\/www.cottage.ch\/deutsche\/wp-content\/uploads\/2012\/08\/P5110708-Large-300x225.jpg 300w, https:\/\/www.cottage.ch\/deutsche\/wp-content\/uploads\/2012\/08\/P5110708-Large-1024x768.jpg 1024w, https:\/\/www.cottage.ch\/deutsche\/wp-content\/uploads\/2012\/08\/P5110708-Large.jpg 1440w\" sizes=\"(max-width: 300px) 100vw, 300px\" \/><\/a><a href=\"http:\/\/www.cottage.ch\/deutsche\/wp-content\/uploads\/2012\/08\/P5110720-Large.jpg\"><img decoding=\"async\" loading=\"lazy\" class=\"size-medium wp-image-121 alignnone\" title=\"Wohnzimmer\" src=\"http:\/\/www.cottage.ch\/deutsche\/wp-content\/uploads\/2012\/08\/P5110720-Large-300x225.jpg\" alt=\"\" width=\"300\" height=\"225\" srcset=\"https:\/\/www.cottage.ch\/deutsche\/wp-content\/uploads\/2012\/08\/P5110720-Large-300x225.jpg 300w, https:\/\/www.cottage.ch\/deutsche\/wp-content\/uploads\/2012\/08\/P5110720-Large-1024x768.jpg 1024w, https:\/\/www.cottage.ch\/deutsche\/wp-content\/uploads\/2012\/08\/P5110720-Large.jpg 1440w\" sizes=\"(max-width: 300px) 100vw, 300px\" \/><\/a><\/h5>\n<h5>Lage<\/h5>\n<p>Am S\u00fcd-Ost-Ufer des Lough Derg, 2 Km von Portroe, nur 50 Km vom Shannon-Airport bequem mit dem Auto zu erreichen. Unber\u00fchrte Natur, Grundst\u00fcck ca. 16`000m2. 100 Meter direkter See-Anstoss, eigener Bootshafen<br \/>\nIhr Ferien-Standort und Adresse: Freaghwood Cottage, Castlelough, Portroe, Nenagh, Co. Tipperary, Ireland<br \/>\n<a href=\"http:\/\/www.cottage.ch\/deutsche\/wp-content\/uploads\/2012\/08\/localarea.jpg\"><img decoding=\"async\" loading=\"lazy\" class=\"alignleft size-full wp-image-83\" title=\"localarea\" src=\"http:\/\/www.cottage.ch\/deutsche\/wp-content\/uploads\/2012\/08\/localarea.jpg\" alt=\"\" width=\"628\" height=\"214\" srcset=\"https:\/\/www.cottage.ch\/deutsche\/wp-content\/uploads\/2012\/08\/localarea.jpg 628w, https:\/\/www.cottage.ch\/deutsche\/wp-content\/uploads\/2012\/08\/localarea-300x102.jpg 300w\" sizes=\"(max-width: 628px) 100vw, 628px\" \/><\/a><\/p>\n<h5><\/h5>\n<h5><\/h5>\n<h5><\/h5>\n<h5><\/h5>\n<h5><\/h5>\n<h5><\/h5>\n<h5>Einrichtung<\/h5>\n<p>1993 erstelltes Haus mit Top-Einrichtung. Der grosse Bungalow umfasst 2 Wohnungen.<br \/>\nDas &#8220;Granny-Flat&#8221; ist geeignet f\u00fcr 4 bis 6 Personen, total 90 m2.<br \/>\nModerne K\u00fcche mit Abwaschmaschine, Keramik-Herd, Umluft-Backofen, K\u00fchlschrank etc.<br \/>\nBadezimmer mit Dusche\/WC\/Handtuchradiator, Zentralheizung, Chemin\u00e9e-Ofen mit Grillsystem und Aussengrill.<br \/>\n\u00dcberall Naturholzdecken, eigener Hauseingang, Fischputzraum.<br \/>\n&#8211; Neu mit Gratis WLAN<\/p>\n<h5><a href=\"http:\/\/www.cottage.ch\/deutsche\/wp-content\/uploads\/2012\/08\/P5110709-Large.jpg\"><img decoding=\"async\" loading=\"lazy\" class=\"size-medium wp-image-120 alignnone\" title=\"Wohnzimmer\" src=\"http:\/\/www.cottage.ch\/deutsche\/wp-content\/uploads\/2012\/08\/P5110709-Large-300x225.jpg\" alt=\"\" width=\"300\" height=\"225\" srcset=\"https:\/\/www.cottage.ch\/deutsche\/wp-content\/uploads\/2012\/08\/P5110709-Large-300x225.jpg 300w, https:\/\/www.cottage.ch\/deutsche\/wp-content\/uploads\/2012\/08\/P5110709-Large-1024x768.jpg 1024w, https:\/\/www.cottage.ch\/deutsche\/wp-content\/uploads\/2012\/08\/P5110709-Large.jpg 1440w\" sizes=\"(max-width: 300px) 100vw, 300px\" \/><\/a><a href=\"http:\/\/www.cottage.ch\/deutsche\/wp-content\/uploads\/2012\/08\/fischputzen-sink-in-Utility.jpg\"><img decoding=\"async\" loading=\"lazy\" class=\"wp-image-118 alignnone\" title=\"fischputzen-sink-in Utility\" src=\"http:\/\/www.cottage.ch\/deutsche\/wp-content\/uploads\/2012\/08\/fischputzen-sink-in-Utility-300x216.jpg\" alt=\"\" width=\"304\" height=\"224\" \/><\/a><\/h5>\n<h5><\/h5>\n<h5>Einkaufen<\/h5>\n<p>In Portroe, keine 2 Km vom Haus, Gleeson`s SPAR mit Tankstelle wird ihnen fast alles und zu fast jeder Zeit geboten. Ferner in Nenagh, ca. 10 Km, St\u00e4dtchen mit etwa 4`000 Einwohnern, diverse grosse Shops, Detaillisten aller Art, sch\u00f6ne Pubs, Restaurants etc.<\/p>\n<p><img decoding=\"async\" loading=\"lazy\" title=\"facilities\" src=\"http:\/\/www.cottage.ch\/deutsche\/wp-content\/uploads\/2012\/08\/facilities.jpg\" alt=\"\" width=\"628\" height=\"214\" \/><\/p>\n<h5>Ausfl\u00fcge<\/h5>\n<p>Tipperary Mountains, zahlreiche Burgruinen und Aussichtspunkte, Castlelough National Forestpark, Lough Derg mit diversen kleinen und gr\u00f6sseren Inseln.<br \/>\nBunratty Castle mit Folkpark und &#8220;Dirty Nelly&#8221;, H\u00e4fen des Shannon-Systems am Lough-Derg wie Killaloe, Dromineer, Terryglass, Garrykennedy, Scarriff, Mountshannon etc. Besuchen Sie eine der gr\u00f6sseren Irischen St\u00e4dte wie Limerick, Galway, Cork und die Hauptstadt Dublin.<br \/>\n<img decoding=\"async\" loading=\"lazy\" class=\"alignleft size-full wp-image-85\" title=\"local\" src=\"http:\/\/www.cottage.ch\/deutsche\/wp-content\/uploads\/2012\/08\/local.jpg\" alt=\"\" width=\"628\" height=\"214\" srcset=\"https:\/\/www.cottage.ch\/deutsche\/wp-content\/uploads\/2012\/08\/local.jpg 628w, https:\/\/www.cottage.ch\/deutsche\/wp-content\/uploads\/2012\/08\/local-300x102.jpg 300w\" sizes=\"(max-width: 628px) 100vw, 628px\" \/><\/p>\n<h5><\/h5>\n<h5><\/h5>\n<h5><\/h5>\n<h5><\/h5>\n<h5>Mietpreise<\/h5>\n<p>in Sfr. pro Woche.<br \/>\nBett und Frott\u00e9ew\u00e4sche vorhanden, \u00dcbernahmetag Samstag oder nach Vereinbarung,<br \/>\ninklusive Fischerboot mit 9.9 PS. Aussenborder.<\/p>\n<p><strong>Oktober \u2013 April\u00a0\u00a0\u00a0\u00a0\u00a0\u00a0\u00a0\u00a0\u00a0\u00a0\u00a0\u00a0\u00a0\u00a0\u00a0\u00a0\u00a0\u00a0\u00a0\u00a0\u00a0\u00a0\u00a0\u00a0\u00a0\u00a0\u00a0\u00a0\u00a0\u00a0 CHF 1200.\u2014<\/strong><\/p>\n<p><strong>Mai und September\u00a0\u00a0\u00a0\u00a0\u00a0\u00a0\u00a0\u00a0\u00a0\u00a0\u00a0\u00a0\u00a0\u00a0\u00a0\u00a0\u00a0\u00a0\u00a0\u00a0\u00a0\u00a0\u00a0 CHF 1400.\u2014<\/strong><\/p>\n<p><strong>Juni \u2013 August\u00a0\u00a0\u00a0\u00a0\u00a0\u00a0\u00a0\u00a0\u00a0\u00a0\u00a0\u00a0\u00a0\u00a0\u00a0\u00a0\u00a0\u00a0\u00a0\u00a0\u00a0\u00a0\u00a0\u00a0\u00a0\u00a0\u00a0\u00a0\u00a0\u00a0\u00a0\u00a0\u00a0 CHF 1800.\u2014<\/strong><\/p>\n<p><a href=\"http:\/\/www.cottage.ch\/deutsche\/wp-content\/uploads\/2012\/08\/grunrissgross.jpg\"><img decoding=\"async\" loading=\"lazy\" class=\" wp-image-126 alignnone\" title=\"grunrissgross\" src=\"http:\/\/www.cottage.ch\/deutsche\/wp-content\/uploads\/2012\/08\/grunrissgross.jpg\" alt=\"\" width=\"853\" height=\"578\" srcset=\"https:\/\/www.cottage.ch\/deutsche\/wp-content\/uploads\/2012\/08\/grunrissgross.jpg 1218w, https:\/\/www.cottage.ch\/deutsche\/wp-content\/uploads\/2012\/08\/grunrissgross-300x203.jpg 300w, https:\/\/www.cottage.ch\/deutsche\/wp-content\/uploads\/2012\/08\/grunrissgross-1024x694.jpg 1024w\" sizes=\"(max-width: 853px) 100vw, 853px\" \/><\/a><\/p>\n<p><strong>Interessenten<\/strong><br \/>\n<strong> wenden sich Bitte an:<\/strong><\/p>\n<p>Heinz M\u00fcri<br \/>\nZ\u00fcrichstrasse 120<br \/>\n8910 Affoltern am Albis<br \/>\nSwitzerland<br \/>\ntel. +41 (0) 44 761 45 49<br \/>\nmobile. +353 87 248 44 07<br \/>\nEmail: heinz.mueri@ibpm.ch<\/p>\n<p>Ihr Ferien-Standort und Adresse:<br \/>\nFreaghwood Cottage<br \/>\nCastlelough, Portroe<br \/>\nNenagh, Co. Tipperary<br \/>\nRepublic of Ireland \/ Eire<\/p>\n<p><strong>Ihr Ansprechpartner und Spezialist f\u00fcr Ireland<\/strong><\/p>\n<p>ANDINO REISEN<br \/>\nTellistrasse 116<br \/>\n5000 Aarau<br \/>\nSWITZERLAND<br \/>\nTel +41 (0) 62 836 94 94<br \/>\ninfo@andino.ch<br \/>\nwww.andino.ch<br \/>\nhttp:\/\/www.cottage.ch\/deutsche\/wp-admin\/media-upload.php?post_id=6&#038;type=image&#038;TB_iframe=1<\/p>\n","protected":false},"excerpt":{"rendered":"<p>Lage Am S\u00fcd-Ost-Ufer des Lough Derg, 2 Km von Portroe, nur 50 Km vom Shannon-Airport bequem mit dem Auto zu erreichen. Unber\u00fchrte Natur, Grundst\u00fcck ca. 16`000m2. 100 Meter direkter See-Anstoss, eigener Bootshafen Ihr Ferien-Standort und Adresse: Freaghwood Cottage, Castlelough, Portroe, Nenagh, Co. Tipperary, Ireland Einrichtung 1993 erstelltes Haus mit Top-Einrichtung. Der grosse Bungalow umfasst 2 [&hellip;]<\/p>\n","protected":false},"author":1,"featured_media":173,"parent":0,"menu_order":0,"comment_status":"open","ping_status":"open","template":"","meta":[],"_links":{"self":[{"href":"https:\/\/www.cottage.ch\/deutsche\/index.php?rest_route=\/wp\/v2\/pages\/6"}],"collection":[{"href":"https:\/\/www.cottage.ch\/deutsche\/index.php?rest_route=\/wp\/v2\/pages"}],"about":[{"href":"https:\/\/www.cottage.ch\/deutsche\/index.php?rest_route=\/wp\/v2\/types\/page"}],"author":[{"embeddable":true,"href":"https:\/\/www.cottage.ch\/deutsche\/index.php?rest_route=\/wp\/v2\/users\/1"}],"replies":[{"embeddable":true,"href":"https:\/\/www.cottage.ch\/deutsche\/index.php?rest_route=%2Fwp%2Fv2%2Fcomments&post=6"}],"version-history":[{"count":29,"href":"https:\/\/www.cottage.ch\/deutsche\/index.php?rest_route=\/wp\/v2\/pages\/6\/revisions"}],"predecessor-version":[{"id":234,"href":"https:\/\/www.cottage.ch\/deutsche\/index.php?rest_route=\/wp\/v2\/pages\/6\/revisions\/234"}],"wp:featuredmedia":[{"embeddable":true,"href":"https:\/\/www.cottage.ch\/deutsche\/index.php?rest_route=\/wp\/v2\/media\/173"}],"wp:attachment":[{"href":"https:\/\/www.cottage.ch\/deutsche\/index.php?rest_route=%2Fwp%2Fv2%2Fmedia&parent=6"}],"curies":[{"name":"wp","href":"https:\/\/api.w.org\/{rel}","templated":true}]}}