{"id":8,"date":"2012-08-29T15:06:06","date_gmt":"2012-08-29T15:06:06","guid":{"rendered":"http:\/\/www.cottage.ch\/deutsche\/?page_id=8"},"modified":"2019-11-01T21:01:03","modified_gmt":"2019-11-01T21:01:03","slug":"uber-uns","status":"publish","type":"page","link":"https:\/\/www.cottage.ch\/deutsche\/?page_id=8","title":{"rendered":"Restaurants-Pubs"},"content":{"rendered":"<p>Restaurants und Pubs<\/p>\n<p>Was isst man in lrland:<br \/>\nFisch, Seafood (Lobster, Austern, Muscheln, Meerfische aller Art)<br \/>\nFleisch (Steaks, Sirloine, T-Bone, Striploine), Schaf-Lamm (Lambchops, Rack, Shaft),<br \/>\nDiverse Gem\u00fcse Beilagen oft the finest, oft wird als Hauptbeilage Chips und Reis angeboten.<br \/>\nAls Dessert k\u00f6nnen wir nat\u00fcrlich einen Irish Coffee empfehlen, (Kaffe mit Whiskey und Schlagrahm)<\/p>\n<p>Empfehlungsliste in der Umgebung:<\/p>\n<p><strong>BROCKA ON THE WATER<\/strong>,<br \/>\nKilgarven Quay, Ballinderry, Nordostufer Lough Derg<br \/>\n067 22038<br \/>\nHervorragend<br \/>\nByrne Family Restaurant fragen sie nach Anne, Nancy oder Antony.<br \/>\nNur mit Reservation Sonntags geschlossen<br \/>\nDinner ab 19:00 Uhr<\/p>\n<p><strong>GOOSERS<\/strong>,<br \/>\nBallina<br \/>\n061 376792<br \/>\nSehr gut,<br \/>\nvor allem Seafood,<br \/>\nWeinkarte etc.<br \/>\nReservation sehr zu empfehlen<\/p>\n<p><strong>The Pipers Inn Bar &amp; Restaurant<\/strong>,<br \/>\nAdresse: Ballyheefy, Killaloe, Co. Clare, Irland<br \/>\nTelefon: +353 61 374 717<\/p>\n<blockquote class=\"wp-embedded-content\" data-secret=\"5iYlAIQBOK\"><p><a href=\"http:\/\/www.thepipersinn.ie\/\">Home<\/a><\/p><\/blockquote>\n<p><iframe class=\"wp-embedded-content\" sandbox=\"allow-scripts\" security=\"restricted\" style=\"position: absolute; clip: rect(1px, 1px, 1px, 1px);\" src=\"http:\/\/www.thepipersinn.ie\/embed\/#?secret=5iYlAIQBOK\" data-secret=\"5iYlAIQBOK\" width=\"500\" height=\"282\" title=\"&#8220;Home&#8221; &#8212; The Pipers Inn Killaloe\" frameborder=\"0\" marginwidth=\"0\" marginheight=\"0\" scrolling=\"no\"><\/iframe><\/p>\n<p><strong>LAKESIDE HOTEL<\/strong>,<br \/>\nKillaloe<br \/>\n061 376122<br \/>\nSehr gut<br \/>\nsch\u00f6ne Lage am Shannon, eigener Tennisplatz und Hallenbad, Sauna etc<\/p>\n<p><strong>HIBERNIAN INN<\/strong>,<br \/>\nPearse Street, Nenagh<br \/>\n067 31253<br \/>\nsch\u00f6ne Bar, Pub, sep. Restaurant, gute\/sehr gute &#8220;Hausmannskost&#8221;<br \/>\nMen\u00fcs \u00fcber Mittag,<br \/>\nflotte Weinkarte<\/p>\n<p><strong>NENAGH ABBEY COURT HOTEL<\/strong>,<br \/>\nDublin Road,<br \/>\nNenagh<br \/>\n067 41111<br \/>\nThe Abbot&#8217;s Bar Cloister Restaurant, empfehlenswert<br \/>\nsehr sch\u00f6n, bestes Haus am Platz<\/p>\n<p><strong>THE WHISKEY STILL <\/strong>,<br \/>\nDromineer Lough Derg,<br \/>\nN\u00e4he Nenagh<br \/>\n067 24129<br \/>\nimmer Stimmung<br \/>\nIrish Musik<\/p>\n<p><strong>THE HALF DOOR<\/strong>,<br \/>\n52 Summerhill,<br \/>\nNenagh<br \/>\n067 33692<br \/>\ngut bis sehr gut<br \/>\nSch\u00f6ne Bar, grosse Auswahl<\/p>\n<p><strong>THE PEPPERMILL<\/strong>,<br \/>\nKenyon Street<br \/>\nNenagh<br \/>\n067 34598<br \/>\ngut bis sehr gut, nur abends res ab 17.00<br \/>\nZentrale Lage in Nenagh, tolle Bedienung, Reservation unbedingt erforderlich, Montags geschlossen<\/p>\n<p><strong>LARKINS PUB + RESTAURANT <\/strong>,<br \/>\nGarrykennedy<br \/>\n067 23 232<br \/>\nImmer Stimmung life music, meist Freitag &#8211; Sonntag<br \/>\nL\u00e4ssig, klassisches Irish Pub mit Restaurant<\/p>\n<p><strong>FLANAGAN&#8217;S<\/strong>,<br \/>\nPrime Steakhouse &amp; Bar<br \/>\nBallina \/ Killaloe<br \/>\n061 622790<br \/>\nherrvoragend, neu er\u00f6ffnet 2007, tolle Lage direkt am S\u00fcdufer des Shannon-River \/ Lough Derg<br \/>\nAusgewogene internationale Karte \/ Weine, 7 Tage ge\u00f6ffnet, Reservation erst ab 8 Personen notwendig<\/p>\n","protected":false},"excerpt":{"rendered":"<p>Restaurants und Pubs Was isst man in lrland: Fisch, Seafood (Lobster, Austern, Muscheln, Meerfische aller Art) Fleisch (Steaks, Sirloine, T-Bone, Striploine), Schaf-Lamm (Lambchops, Rack, Shaft), Diverse Gem\u00fcse Beilagen oft the finest, oft wird als Hauptbeilage Chips und Reis angeboten. Als Dessert k\u00f6nnen wir nat\u00fcrlich einen Irish Coffee empfehlen, (Kaffe mit Whiskey und Schlagrahm) Empfehlungsliste in [&hellip;]<\/p>\n","protected":false},"author":1,"featured_media":0,"parent":0,"menu_order":0,"comment_status":"open","ping_status":"open","template":"","meta":[],"_links":{"self":[{"href":"https:\/\/www.cottage.ch\/deutsche\/index.php?rest_route=\/wp\/v2\/pages\/8"}],"collection":[{"href":"https:\/\/www.cottage.ch\/deutsche\/index.php?rest_route=\/wp\/v2\/pages"}],"about":[{"href":"https:\/\/www.cottage.ch\/deutsche\/index.php?rest_route=\/wp\/v2\/types\/page"}],"author":[{"embeddable":true,"href":"https:\/\/www.cottage.ch\/deutsche\/index.php?rest_route=\/wp\/v2\/users\/1"}],"replies":[{"embeddable":true,"href":"https:\/\/www.cottage.ch\/deutsche\/index.php?rest_route=%2Fwp%2Fv2%2Fcomments&post=8"}],"version-history":[{"count":19,"href":"https:\/\/www.cottage.ch\/deutsche\/index.php?rest_route=\/wp\/v2\/pages\/8\/revisions"}],"predecessor-version":[{"id":214,"href":"https:\/\/www.cottage.ch\/deutsche\/index.php?rest_route=\/wp\/v2\/pages\/8\/revisions\/214"}],"wp:attachment":[{"href":"https:\/\/www.cottage.ch\/deutsche\/index.php?rest_route=%2Fwp%2Fv2%2Fmedia&parent=8"}],"curies":[{"name":"wp","href":"https:\/\/api.w.org\/{rel}","templated":true}]}}